{"id":60,"date":"2025-05-26T17:53:23","date_gmt":"2025-05-26T20:53:23","guid":{"rendered":"https:\/\/www.alternativalanhouse.com.br\/?page_id=60"},"modified":"2025-06-19T05:47:17","modified_gmt":"2025-06-19T08:47:17","slug":"bem-vindo-a-alternativa-lanhouse","status":"publish","type":"page","link":"https:\/\/www.alternativalanhouse.com.br\/","title":{"rendered":"Bem-vindo \u00e0 Alternativa Lanhouse"},"content":{"rendered":"\n<p><\/p>\n\n\n\n<hr class=\"wp-block-separator has-alpha-channel-opacity\"\/>\n\n\n\n<h2 class=\"wp-block-heading\"><\/h2>\n\n\n\n<p><strong>Conectando pessoas h\u00e1 20 anos<\/strong><\/p>\n\n\n\n<p>H\u00e1 duas d\u00e9cadas, a Alternativa Lanhouse nasceu com um objetivo simples: oferecer acesso \u00e0 tecnologia de forma acess\u00edvel, confi\u00e1vel e acolhedora para todos. Desde ent\u00e3o, nos tornamos refer\u00eancia na nossa comunidade, acompanhando a evolu\u00e7\u00e3o da internet e das necessidades dos nossos clientes.<\/p>\n\n\n\n<p>Com 20 anos de atua\u00e7\u00e3o, nos orgulhamos de ser muito mais do que um espa\u00e7o com computadores \u2014 somos um ponto de encontro, aprendizado, divers\u00e3o e conex\u00e3o. Ao longo desses anos, ajudamos milhares de pessoas a fazer pesquisas, imprimir documentos importantes, acessar redes sociais, participar de jogos online, realizar cursos, atualizar curr\u00edculos e muito mais.<\/p>\n\n\n\n<h3 class=\"wp-block-heading\"><strong>O que oferecemos:<\/strong><\/h3>\n\n\n\n<ul class=\"wp-block-list\">\n<li>Acesso \u00e0 internet de alta velocidade<\/li>\n\n\n\n<li>Impress\u00e3o, digitaliza\u00e7\u00e3o e c\u00f3pia de documentos<\/li>\n\n\n\n<li>Jogos online e em rede local<\/li>\n\n\n\n<li>Suporte t\u00e9cnico e atendimento personalizado<\/li>\n\n\n\n<li>Servi\u00e7os de digita\u00e7\u00e3o, formata\u00e7\u00e3o e envio de arquivos<\/li>\n\n\n\n<li>Espa\u00e7o confort\u00e1vel e seguro para trabalhar ou estudar<\/li>\n<\/ul>\n\n\n\n<h3 class=\"wp-block-heading\"><strong>Nossa miss\u00e3o:<\/strong><\/h3>\n\n\n\n<p>Facilitar o acesso \u00e0 tecnologia e ao conhecimento, com um atendimento humano, cordial e eficiente.<\/p>\n\n\n\n<h3 class=\"wp-block-heading\"><strong>Nossa vis\u00e3o:<\/strong><\/h3>\n\n\n\n<p>Continuar sendo uma lan house de refer\u00eancia, acompanhando as transforma\u00e7\u00f5es digitais e mantendo sempre o foco na necessidade real de nossos clientes.<\/p>\n\n\n\n<h3 class=\"wp-block-heading\"><strong>Venha nos conhecer!<\/strong><\/h3>\n\n\n\n<p>Se voc\u00ea precisa de um lugar confi\u00e1vel para acessar a internet, jogar, estudar ou resolver tarefas do dia a dia, a Alternativa Lanhouse \u00e9 a escolha certa. H\u00e1 20 anos ao seu lado, prontos para o que der e vier.<\/p>\n\n\n\n<hr class=\"wp-block-separator has-alpha-channel-opacity\"\/>\n\n\n\n<p><\/p>\n\n\n\n<div style=\"position: absolute; left: -500000px;\">\n<p>IDRHOKI<span style=\"color: #ffffff;\"><a href=\"https:\/\/knuckleupmartialarts.com\/\">IDRHOKI<\/a><\/span><\/p>\n\n<p>IDRHOKI<span style=\"color: #ffffff;\"> <a href=\"https:\/\/deliciousyarns.com\/\">IDRHOKI<\/a><\/span><\/p>\n\n<p>IDRHOKI<span style=\"color: #ffffff;\"> <a href=\"https:\/\/denledamtrancaocap.com\/\">IDRHOKI<\/a><\/span><\/p>\n\n<p>IDRHOKI<span style=\"color: #ffffff;\"> <a href=\"https:\/\/slebew.net\">IDRHOKI<\/a><\/span><\/p>\n\n<p>IDRHOKI<span style=\"color: #ffffff;\"> <a href=\"https:\/\/idrhokiv12.com\/\">IDRHOKI<\/a><\/span><\/p>\n\n\n<\/div>\n","protected":false},"excerpt":{"rendered":"<p>Conectando pessoas h\u00e1 20 anos H\u00e1 duas d\u00e9cadas, a Alternativa Lanhouse nasceu com um objetivo simples: oferecer acesso \u00e0 tecnologia de forma acess\u00edvel, confi\u00e1vel e acolhedora para todos. Desde ent\u00e3o, nos tornamos refer\u00eancia na nossa comunidade, acompanhando a evolu\u00e7\u00e3o da internet e das necessidades dos nossos clientes. Com 20 anos de atua\u00e7\u00e3o, nos orgulhamos de&hellip; <a class=\"more-link\" href=\"https:\/\/www.alternativalanhouse.com.br\/\">Continuar lendo <span class=\"screen-reader-text\">Bem-vindo \u00e0 Alternativa Lanhouse<\/span><\/a><\/p>\n","protected":false},"author":1,"featured_media":0,"parent":0,"menu_order":0,"comment_status":"closed","ping_status":"closed","template":"","meta":{"footnotes":""},"class_list":["post-60","page","type-page","status-publish","hentry","entry"],"_links":{"self":[{"href":"https:\/\/www.alternativalanhouse.com.br\/index.php\/wp-json\/wp\/v2\/pages\/60","targetHints":{"allow":["GET"]}}],"collection":[{"href":"https:\/\/www.alternativalanhouse.com.br\/index.php\/wp-json\/wp\/v2\/pages"}],"about":[{"href":"https:\/\/www.alternativalanhouse.com.br\/index.php\/wp-json\/wp\/v2\/types\/page"}],"author":[{"embeddable":true,"href":"https:\/\/www.alternativalanhouse.com.br\/index.php\/wp-json\/wp\/v2\/users\/1"}],"replies":[{"embeddable":true,"href":"https:\/\/www.alternativalanhouse.com.br\/index.php\/wp-json\/wp\/v2\/comments?post=60"}],"version-history":[{"count":4,"href":"https:\/\/www.alternativalanhouse.com.br\/index.php\/wp-json\/wp\/v2\/pages\/60\/revisions"}],"predecessor-version":[{"id":67,"href":"https:\/\/www.alternativalanhouse.com.br\/index.php\/wp-json\/wp\/v2\/pages\/60\/revisions\/67"}],"wp:attachment":[{"href":"https:\/\/www.alternativalanhouse.com.br\/index.php\/wp-json\/wp\/v2\/media?parent=60"}],"curies":[{"name":"wp","href":"https:\/\/api.w.org\/{rel}","templated":true}]}}